{"id":19821,"date":"2024-07-21T17:18:34","date_gmt":"2024-07-21T17:18:34","guid":{"rendered":"https:\/\/grizzlycartenerife.com\/contacts-and-office\/"},"modified":"2024-07-21T17:24:08","modified_gmt":"2024-07-21T17:24:08","slug":"contactos-y-oficina","status":"publish","type":"page","link":"https:\/\/grizzlycartenerife.com\/es\/contactos-y-oficina\/","title":{"rendered":"Contactos y oficina"},"content":{"rendered":"[vc_row type=\u00bbfull_width_content\u00bb full_screen_row_position=\u00bbmiddle\u00bb column_margin=\u00bbdefault\u00bb column_direction=\u00bbdefault\u00bb column_direction_tablet=\u00bbdefault\u00bb column_direction_phone=\u00bbdefault\u00bb bg_color=\u00bb#0a0a0a\u00bb scene_position=\u00bbcenter\u00bb text_color=\u00bbdark\u00bb text_align=\u00bbleft\u00bb row_border_radius=\u00bbnone\u00bb row_border_radius_applies=\u00bbbg\u00bb overflow=\u00bbvisible\u00bb overlay_strength=\u00bb0.3&#8243; gradient_direction=\u00bbleft_to_right\u00bb shape_divider_position=\u00bbbottom\u00bb bg_image_animation=\u00bbnone\u00bb gradient_type=\u00bbdefault\u00bb shape_type=\u00bb\u00bb][vc_column column_padding=\u00bbno-extra-padding\u00bb column_padding_tablet=\u00bbinherit\u00bb column_padding_phone=\u00bbinherit\u00bb column_padding_position=\u00bball\u00bb column_element_direction_desktop=\u00bbdefault\u00bb column_element_spacing=\u00bbdefault\u00bb centered_text=\u00bbtrue\u00bb desktop_text_alignment=\u00bbdefault\u00bb tablet_text_alignment=\u00bbdefault\u00bb phone_text_alignment=\u00bbdefault\u00bb background_color_opacity=\u00bb1&#8243; background_hover_color_opacity=\u00bb1&#8243; column_backdrop_filter=\u00bbnone\u00bb column_shadow=\u00bbnone\u00bb column_border_radius=\u00bbnone\u00bb column_link_target=\u00bb_self\u00bb column_position=\u00bbdefault\u00bb gradient_direction=\u00bbleft_to_right\u00bb overlay_strength=\u00bb0.3&#8243; width=\u00bb1\/2&#8243; tablet_width_inherit=\u00bbdefault\u00bb animation_type=\u00bbdefault\u00bb bg_image_animation=\u00bbnone\u00bb border_type=\u00bbsimple\u00bb column_border_width=\u00bbnone\u00bb column_border_style=\u00bbsolid\u00bb column_padding_type=\u00bbdefault\u00bb gradient_type=\u00bbdefault\u00bb][vc_raw_html]PHA+PGlmcmFtZSBzcmM9Imh0dHBzOi8vd3d3Lmdvb2dsZS5jb20vbWFwcy9lbWJlZD9wYj0hMW0xOCExbTEyITFtMyExZDM1MjEuMDYzNTMxNjM1MDI1ITJkLTE2LjcxMDc0NDkyMjg0Nzk4NyEzZDI4LjA1MzA4NDcxMDE1NDgyOCEybTMhMWYwITJmMCEzZjAhM20yITFpMTAyNCEyaTc2OCE0ZjEzLjEhM20zITFtMiExczB4YzZhOTgzMzE4ODc3ZjQ3JTNBMHg0ZWU5YjkzY2RkMTlmY2ZkITJzQy4lMjBPcmVnb24lMkMlMjA1JTJDJTIwMzg2NTAlMjBMb3MlMjBDcmlzdGlhbm9zJTJDJTIwU2FudGElMjBDcnV6JTIwZGUlMjBUZW5lcmlmZSE1ZTAhM20yITFzaXQhMnNlcyE0djE3MjE1ODE5OTMxOTIhNW0yITFzaXQhMnNlcyIgd2lkdGg9IjgwMCIgaGVpZ2h0PSI2MDAiIHN0eWxlPSJib3JkZXI6MDsiIGFsbG93ZnVsbHNjcmVlbj0iIiBsb2FkaW5nPSJsYXp5IiByZWZlcnJlcnBvbGljeT0ibm8tcmVmZXJyZXItd2hlbi1kb3duZ3JhZGUiPjwvaWZyYW1lPjwvcD4=[\/vc_raw_html][\/vc_column][vc_column column_padding=\u00bbpadding-7-percent\u00bb column_padding_tablet=\u00bbinherit\u00bb column_padding_phone=\u00bbinherit\u00bb column_padding_position=\u00bball\u00bb column_element_direction_desktop=\u00bbdefault\u00bb column_element_spacing=\u00bbdefault\u00bb desktop_text_alignment=\u00bbdefault\u00bb tablet_text_alignment=\u00bbdefault\u00bb phone_text_alignment=\u00bbdefault\u00bb background_color_opacity=\u00bb1&#8243; background_hover_color_opacity=\u00bb1&#8243; column_backdrop_filter=\u00bbnone\u00bb column_shadow=\u00bbnone\u00bb column_border_radius=\u00bbnone\u00bb column_link_target=\u00bb_self\u00bb column_position=\u00bbdefault\u00bb gradient_direction=\u00bbleft_to_right\u00bb overlay_strength=\u00bb0.3&#8243; width=\u00bb1\/2&#8243; tablet_width_inherit=\u00bbdefault\u00bb animation_type=\u00bbdefault\u00bb bg_image_animation=\u00bbnone\u00bb border_type=\u00bbsimple\u00bb column_border_width=\u00bbnone\u00bb column_border_style=\u00bbsolid\u00bb][vc_column_text text_direction=\u00bbdefault\u00bb]\n<h3>Contactos :<\/h3>\n<p>Bienvenido a nuestra secci\u00f3n de Contacto. Estamos aqu\u00ed para ofrecerle asistencia y responder a sus preguntas. No dude en ponerse en contacto con nosotros a trav\u00e9s de uno de los siguientes m\u00e9todos:<\/p>\n<h3>Informaci\u00f3n de contacto:<\/h3>\n<p><strong>Direcci\u00f3n:<\/strong> C. Oregon, 5, Local 11, 38650 Los Cristianos, Santa Cruz de Tenerife<br \/>\n<strong>Tel\u00e9fono:<\/strong> +34 603 82 62 62<br \/>\n<strong>Correo electr\u00f3nico:<\/strong> info@grizzlycartenerife.com<\/p>\n<h3>Horario de oficina<\/h3>\n<p>Estamos a su disposici\u00f3n en el siguiente horario:<\/p>\n<p><strong>Lunes &#8211; viernes:<\/strong> 09:00 &#8211; 18:00<br \/>\n<strong>S\u00e1bado:<\/strong> 09:00 -14:00<br \/>\n<strong>Domingo: <\/strong>09:00 \u2013 14:00[\/vc_column_text][\/vc_column][\/vc_row]\n","protected":false},"excerpt":{"rendered":"<p>[vc_row type=\u00bbfull_width_content\u00bb full_screen_row_position=\u00bbmiddle\u00bb column_margin=\u00bbdefault\u00bb column_direction=\u00bbdefault\u00bb column_direction_tablet=\u00bbdefault\u00bb column_direction_phone=\u00bbdefault\u00bb bg_color=\u00bb#0a0a0a\u00bb scene_position=\u00bbcenter\u00bb text_color=\u00bbdark\u00bb text_align=\u00bbleft\u00bb row_border_radius=\u00bbnone\u00bb row_border_radius_applies=\u00bbbg\u00bb overflow=\u00bbvisible\u00bb overlay_strength=\u00bb0.3&#8243; gradient_direction=\u00bbleft_to_right\u00bb shape_divider_position=\u00bbbottom\u00bb bg_image_animation=\u00bbnone\u00bb gradient_type=\u00bbdefault\u00bb shape_type=\u00bb\u00bb][vc_column column_padding=\u00bbno-extra-padding\u00bb column_padding_tablet=\u00bbinherit\u00bb column_padding_phone=\u00bbinherit\u00bb column_padding_position=\u00bball\u00bb column_element_direction_desktop=\u00bbdefault\u00bb column_element_spacing=\u00bbdefault\u00bb centered_text=\u00bbtrue\u00bb desktop_text_alignment=\u00bbdefault\u00bb tablet_text_alignment=\u00bbdefault\u00bb phone_text_alignment=\u00bbdefault\u00bb&#8230;<\/p>\n","protected":false},"author":4,"featured_media":0,"parent":0,"menu_order":0,"comment_status":"closed","ping_status":"closed","template":"","meta":{"footnotes":""},"class_list":["post-19821","page","type-page","status-publish"],"yoast_head":"<!-- This site is optimized with the Yoast SEO plugin v27.4 - https:\/\/yoast.com\/product\/yoast-seo-wordpress\/ -->\n<title>Contactos y oficina - Grizzly Car tenerife<\/title>\n<meta name=\"robots\" content=\"index, follow, max-snippet:-1, max-image-preview:large, max-video-preview:-1\" \/>\n<link rel=\"canonical\" href=\"https:\/\/grizzlycartenerife.com\/es\/contactos-y-oficina\/\" \/>\n<meta property=\"og:locale\" content=\"es_ES\" \/>\n<meta property=\"og:type\" content=\"article\" \/>\n<meta property=\"og:title\" content=\"Contactos y oficina - Grizzly Car tenerife\" \/>\n<meta property=\"og:description\" content=\"[vc_row type=\u00bbfull_width_content\u00bb full_screen_row_position=\u00bbmiddle\u00bb column_margin=\u00bbdefault\u00bb column_direction=\u00bbdefault\u00bb column_direction_tablet=\u00bbdefault\u00bb column_direction_phone=\u00bbdefault\u00bb bg_color=\u00bb#0a0a0a\u00bb scene_position=\u00bbcenter\u00bb text_color=\u00bbdark\u00bb text_align=\u00bbleft\u00bb row_border_radius=\u00bbnone\u00bb row_border_radius_applies=\u00bbbg\u00bb overflow=\u00bbvisible\u00bb overlay_strength=\u00bb0.3&#8243; gradient_direction=\u00bbleft_to_right\u00bb shape_divider_position=\u00bbbottom\u00bb bg_image_animation=\u00bbnone\u00bb gradient_type=\u00bbdefault\u00bb shape_type=\u00bb\u00bb][vc_column column_padding=\u00bbno-extra-padding\u00bb column_padding_tablet=\u00bbinherit\u00bb column_padding_phone=\u00bbinherit\u00bb column_padding_position=\u00bball\u00bb column_element_direction_desktop=\u00bbdefault\u00bb column_element_spacing=\u00bbdefault\u00bb centered_text=\u00bbtrue\u00bb desktop_text_alignment=\u00bbdefault\u00bb tablet_text_alignment=\u00bbdefault\u00bb phone_text_alignment=\u00bbdefault\u00bb...\" \/>\n<meta property=\"og:url\" content=\"https:\/\/grizzlycartenerife.com\/es\/contactos-y-oficina\/\" \/>\n<meta property=\"og:site_name\" content=\"Grizzly Car tenerife\" \/>\n<meta property=\"article:modified_time\" content=\"2024-07-21T17:24:08+00:00\" \/>\n<meta name=\"twitter:card\" content=\"summary_large_image\" \/>\n<meta name=\"twitter:label1\" content=\"Tiempo de lectura\" \/>\n\t<meta name=\"twitter:data1\" content=\"1 minuto\" \/>\n<script type=\"application\/ld+json\" class=\"yoast-schema-graph\">{\"@context\":\"https:\\\/\\\/schema.org\",\"@graph\":[{\"@type\":\"WebPage\",\"@id\":\"https:\\\/\\\/grizzlycartenerife.com\\\/es\\\/contactos-y-oficina\\\/\",\"url\":\"https:\\\/\\\/grizzlycartenerife.com\\\/es\\\/contactos-y-oficina\\\/\",\"name\":\"Contactos y oficina - Grizzly Car tenerife\",\"isPartOf\":{\"@id\":\"https:\\\/\\\/grizzlycarteneri-huuxghol6v.live-website.com\\\/#website\"},\"datePublished\":\"2024-07-21T17:18:34+00:00\",\"dateModified\":\"2024-07-21T17:24:08+00:00\",\"breadcrumb\":{\"@id\":\"https:\\\/\\\/grizzlycartenerife.com\\\/es\\\/contactos-y-oficina\\\/#breadcrumb\"},\"inLanguage\":\"es\",\"potentialAction\":[{\"@type\":\"ReadAction\",\"target\":[\"https:\\\/\\\/grizzlycartenerife.com\\\/es\\\/contactos-y-oficina\\\/\"]}]},{\"@type\":\"BreadcrumbList\",\"@id\":\"https:\\\/\\\/grizzlycartenerife.com\\\/es\\\/contactos-y-oficina\\\/#breadcrumb\",\"itemListElement\":[{\"@type\":\"ListItem\",\"position\":1,\"name\":\"Home\",\"item\":\"https:\\\/\\\/grizzlycartenerife.com\\\/es\\\/\"},{\"@type\":\"ListItem\",\"position\":2,\"name\":\"Contactos y oficina\"}]},{\"@type\":\"WebSite\",\"@id\":\"https:\\\/\\\/grizzlycarteneri-huuxghol6v.live-website.com\\\/#website\",\"url\":\"https:\\\/\\\/grizzlycarteneri-huuxghol6v.live-website.com\\\/\",\"name\":\"Grizzly Car tenerife\",\"description\":\"Rent car in Tenerife\",\"potentialAction\":[{\"@type\":\"SearchAction\",\"target\":{\"@type\":\"EntryPoint\",\"urlTemplate\":\"https:\\\/\\\/grizzlycarteneri-huuxghol6v.live-website.com\\\/?s={search_term_string}\"},\"query-input\":{\"@type\":\"PropertyValueSpecification\",\"valueRequired\":true,\"valueName\":\"search_term_string\"}}],\"inLanguage\":\"es\"}]}<\/script>\n<!-- \/ Yoast SEO plugin. -->","yoast_head_json":{"title":"Contactos y oficina - Grizzly Car tenerife","robots":{"index":"index","follow":"follow","max-snippet":"max-snippet:-1","max-image-preview":"max-image-preview:large","max-video-preview":"max-video-preview:-1"},"canonical":"https:\/\/grizzlycartenerife.com\/es\/contactos-y-oficina\/","og_locale":"es_ES","og_type":"article","og_title":"Contactos y oficina - Grizzly Car tenerife","og_description":"[vc_row type=\u00bbfull_width_content\u00bb full_screen_row_position=\u00bbmiddle\u00bb column_margin=\u00bbdefault\u00bb column_direction=\u00bbdefault\u00bb column_direction_tablet=\u00bbdefault\u00bb column_direction_phone=\u00bbdefault\u00bb bg_color=\u00bb#0a0a0a\u00bb scene_position=\u00bbcenter\u00bb text_color=\u00bbdark\u00bb text_align=\u00bbleft\u00bb row_border_radius=\u00bbnone\u00bb row_border_radius_applies=\u00bbbg\u00bb overflow=\u00bbvisible\u00bb overlay_strength=\u00bb0.3&#8243; gradient_direction=\u00bbleft_to_right\u00bb shape_divider_position=\u00bbbottom\u00bb bg_image_animation=\u00bbnone\u00bb gradient_type=\u00bbdefault\u00bb shape_type=\u00bb\u00bb][vc_column column_padding=\u00bbno-extra-padding\u00bb column_padding_tablet=\u00bbinherit\u00bb column_padding_phone=\u00bbinherit\u00bb column_padding_position=\u00bball\u00bb column_element_direction_desktop=\u00bbdefault\u00bb column_element_spacing=\u00bbdefault\u00bb centered_text=\u00bbtrue\u00bb desktop_text_alignment=\u00bbdefault\u00bb tablet_text_alignment=\u00bbdefault\u00bb phone_text_alignment=\u00bbdefault\u00bb...","og_url":"https:\/\/grizzlycartenerife.com\/es\/contactos-y-oficina\/","og_site_name":"Grizzly Car tenerife","article_modified_time":"2024-07-21T17:24:08+00:00","twitter_card":"summary_large_image","twitter_misc":{"Tiempo de lectura":"1 minuto"},"schema":{"@context":"https:\/\/schema.org","@graph":[{"@type":"WebPage","@id":"https:\/\/grizzlycartenerife.com\/es\/contactos-y-oficina\/","url":"https:\/\/grizzlycartenerife.com\/es\/contactos-y-oficina\/","name":"Contactos y oficina - Grizzly Car tenerife","isPartOf":{"@id":"https:\/\/grizzlycarteneri-huuxghol6v.live-website.com\/#website"},"datePublished":"2024-07-21T17:18:34+00:00","dateModified":"2024-07-21T17:24:08+00:00","breadcrumb":{"@id":"https:\/\/grizzlycartenerife.com\/es\/contactos-y-oficina\/#breadcrumb"},"inLanguage":"es","potentialAction":[{"@type":"ReadAction","target":["https:\/\/grizzlycartenerife.com\/es\/contactos-y-oficina\/"]}]},{"@type":"BreadcrumbList","@id":"https:\/\/grizzlycartenerife.com\/es\/contactos-y-oficina\/#breadcrumb","itemListElement":[{"@type":"ListItem","position":1,"name":"Home","item":"https:\/\/grizzlycartenerife.com\/es\/"},{"@type":"ListItem","position":2,"name":"Contactos y oficina"}]},{"@type":"WebSite","@id":"https:\/\/grizzlycarteneri-huuxghol6v.live-website.com\/#website","url":"https:\/\/grizzlycarteneri-huuxghol6v.live-website.com\/","name":"Grizzly Car tenerife","description":"Rent car in Tenerife","potentialAction":[{"@type":"SearchAction","target":{"@type":"EntryPoint","urlTemplate":"https:\/\/grizzlycarteneri-huuxghol6v.live-website.com\/?s={search_term_string}"},"query-input":{"@type":"PropertyValueSpecification","valueRequired":true,"valueName":"search_term_string"}}],"inLanguage":"es"}]}},"_links":{"self":[{"href":"https:\/\/grizzlycartenerife.com\/es\/wp-json\/wp\/v2\/pages\/19821","targetHints":{"allow":["GET"]}}],"collection":[{"href":"https:\/\/grizzlycartenerife.com\/es\/wp-json\/wp\/v2\/pages"}],"about":[{"href":"https:\/\/grizzlycartenerife.com\/es\/wp-json\/wp\/v2\/types\/page"}],"author":[{"embeddable":true,"href":"https:\/\/grizzlycartenerife.com\/es\/wp-json\/wp\/v2\/users\/4"}],"replies":[{"embeddable":true,"href":"https:\/\/grizzlycartenerife.com\/es\/wp-json\/wp\/v2\/comments?post=19821"}],"version-history":[{"count":4,"href":"https:\/\/grizzlycartenerife.com\/es\/wp-json\/wp\/v2\/pages\/19821\/revisions"}],"predecessor-version":[{"id":19827,"href":"https:\/\/grizzlycartenerife.com\/es\/wp-json\/wp\/v2\/pages\/19821\/revisions\/19827"}],"wp:attachment":[{"href":"https:\/\/grizzlycartenerife.com\/es\/wp-json\/wp\/v2\/media?parent=19821"}],"curies":[{"name":"wp","href":"https:\/\/api.w.org\/{rel}","templated":true}]}}