{"id":18838,"date":"2024-07-10T12:07:51","date_gmt":"2024-07-10T12:07:51","guid":{"rendered":"https:\/\/grizzlycartenerife.com\/f-a-q\/"},"modified":"2024-07-10T12:10:42","modified_gmt":"2024-07-10T12:10:42","slug":"f-a-q","status":"publish","type":"page","link":"https:\/\/grizzlycartenerife.com\/es\/f-a-q\/","title":{"rendered":"F.A.Q."},"content":{"rendered":"[vc_row type=\u00bbfull_width_content\u00bb full_screen_row_position=\u00bbmiddle\u00bb column_margin=\u00bbdefault\u00bb equal_height=\u00bbyes\u00bb content_placement=\u00bbmiddle\u00bb column_direction=\u00bbdefault\u00bb column_direction_tablet=\u00bbdefault\u00bb column_direction_phone=\u00bbdefault\u00bb bg_color=\u00bb#000000&#8243; scene_position=\u00bbcenter\u00bb top_padding=\u00bb12%\u00bb bottom_padding=\u00bb12%\u00bb left_padding_desktop=\u00bb25%\u00bb constrain_group_2=\u00bbyes\u00bb right_padding_desktop=\u00bb25%\u00bb left_padding_tablet=\u00bb20%\u00bb constrain_group_4=\u00bbyes\u00bb right_padding_tablet=\u00bb20%\u00bb left_padding_phone=\u00bb24px\u00bb constrain_group_6=\u00bbyes\u00bb right_padding_phone=\u00bb24px\u00bb text_color=\u00bbdark\u00bb text_align=\u00bbleft\u00bb row_border_radius=\u00bbnone\u00bb row_border_radius_applies=\u00bbbg\u00bb zindex=\u00bb10&#8243; overflow=\u00bbvisible\u00bb advanced_gradient_angle=\u00bb0&#8243; overlay_strength=\u00bb0.8&#8243; gradient_direction=\u00bbleft_to_right\u00bb shape_divider_position=\u00bbbottom\u00bb bg_image_animation=\u00bbnone\u00bb parallax_bg=\u00bbtrue\u00bb parallax_bg_speed=\u00bbfast\u00bb shape_type=\u00bb\u00bb gradient_type=\u00bbdefault\u00bb][vc_column column_padding=\u00bbno-extra-padding\u00bb column_padding_tablet=\u00bbinherit\u00bb column_padding_phone=\u00bbinherit\u00bb column_padding_position=\u00bbright\u00bb column_element_direction_desktop=\u00bbdefault\u00bb column_element_spacing=\u00bbdefault\u00bb desktop_text_alignment=\u00bbdefault\u00bb tablet_text_alignment=\u00bbdefault\u00bb phone_text_alignment=\u00bbdefault\u00bb background_color_opacity=\u00bb1&#8243; background_hover_color_opacity=\u00bb1&#8243; column_backdrop_filter=\u00bbnone\u00bb column_shadow=\u00bbnone\u00bb column_border_radius=\u00bbnone\u00bb column_link_target=\u00bb_self\u00bb column_position=\u00bbdefault\u00bb advanced_gradient_angle=\u00bb0&#8243; gradient_direction=\u00bbleft_to_right\u00bb overlay_strength=\u00bb0.3&#8243; width=\u00bb1\/1&#8243; tablet_width_inherit=\u00bbdefault\u00bb animation_type=\u00bbdefault\u00bb bg_image_animation=\u00bbnone\u00bb border_type=\u00bbsimple\u00bb column_border_width=\u00bbnone\u00bb column_border_style=\u00bbsolid\u00bb gradient_type=\u00bbdefault\u00bb][vc_row_inner column_margin=\u00bbdefault\u00bb column_direction=\u00bbdefault\u00bb column_direction_tablet=\u00bbdefault\u00bb column_direction_phone=\u00bbdefault\u00bb bottom_padding=\u00bb3%\u00bb text_align=\u00bbleft\u00bb row_position=\u00bbdefault\u00bb row_position_tablet=\u00bbinherit\u00bb row_position_phone=\u00bbinherit\u00bb overflow=\u00bbvisible\u00bb pointer_events=\u00bball\u00bb][vc_column_inner column_padding=\u00bbno-extra-padding\u00bb column_padding_tablet=\u00bbinherit\u00bb column_padding_phone=\u00bbinherit\u00bb column_padding_position=\u00bball\u00bb column_element_direction_desktop=\u00bbdefault\u00bb column_element_spacing=\u00bbdefault\u00bb centered_text=\u00bbtrue\u00bb desktop_text_alignment=\u00bbdefault\u00bb tablet_text_alignment=\u00bbdefault\u00bb phone_text_alignment=\u00bbdefault\u00bb background_color_opacity=\u00bb1&#8243; background_hover_color_opacity=\u00bb1&#8243; column_backdrop_filter=\u00bbnone\u00bb column_shadow=\u00bbnone\u00bb column_border_radius=\u00bbnone\u00bb column_link_target=\u00bb_self\u00bb overflow=\u00bbvisible\u00bb advanced_gradient_angle=\u00bb0&#8243; gradient_direction=\u00bbleft_to_right\u00bb overlay_strength=\u00bb0.3&#8243; width=\u00bb1\/1&#8243; tablet_width_inherit=\u00bbdefault\u00bb animation_type=\u00bbdefault\u00bb bg_image_animation=\u00bbnone\u00bb border_type=\u00bbsimple\u00bb column_border_width=\u00bbnone\u00bb column_border_style=\u00bbsolid\u00bb gradient_type=\u00bbdefault\u00bb column_padding_type=\u00bbdefault\u00bb][nectar_responsive_text font_size_desktop=\u00bb3vw\u00bb font_size_tablet=\u00bb5vw\u00bb font_size_phone=\u00bb8vw\u00bb font_line_height=\u00bb1.1&#8243; text_direction=\u00bbdefault\u00bb]\n<h3 style=\"text-align: center;\">Preguntas frecuentes de nuestros clientes<\/h3>\n[\/nectar_responsive_text][\/vc_column_inner][\/vc_row_inner][toggles style=\u00bbminimal_shadow\u00bb accordion=\u00bbtrue\u00bb accordion_starting_functionality=\u00bbdefault\u00bb border_radius=\u00bb20px\u00bb][toggle color=\u00bbExtra-Color-3&#8243; heading_tag=\u00bbh3&#8243; heading_tag_functionality=\u00bbdefault\u00bb title=\u00bbC\u00f3mo puedo reservar un coche con Grizzly Car?\u00bb][nectar_responsive_text font_size_min=\u00bb14px\u00bb font_size_max=\u00bb20px\u00bb font_size_desktop=\u00bb1.1vw\u00bb font_line_height=\u00bb1.6&#8243; text_direction=\u00bbdefault\u00bb]Reservar un coche con Grizzly Car es f\u00e1cil. Visita nuestro sitio web, selecciona el veh\u00edculo deseado, ingresa las fechas y horas de alquiler, y completa la reserva siguiendo las instrucciones en l\u00ednea.[\/nectar_responsive_text][\/toggle][toggle color=\u00bbExtra-Color-3&#8243; heading_tag=\u00bbh3&#8243; heading_tag_functionality=\u00bbdefault\u00bb title=\u00bbQu\u00e9 documentos se requieren para alquilar un coche?\u00bb][nectar_responsive_text font_size_min=\u00bb14px\u00bb font_size_max=\u00bb20px\u00bb font_size_desktop=\u00bb1.1vw\u00bb font_line_height=\u00bb1.6&#8243; text_direction=\u00bbdefault\u00bb]Para alquilar un coche con nosotros, necesitar\u00e1s una identificaci\u00f3n v\u00e1lida, una licencia de conducir v\u00e1lida y una tarjeta de cr\u00e9dito para el dep\u00f3sito.<\/p>\n[\/nectar_responsive_text][\/toggle][toggle color=\u00bbDefault\u00bb heading_tag=\u00bbh3&#8243; heading_tag_functionality=\u00bbdefault\u00bb title=\u00bbPuedo modificar o cancelar mi reserva?\u00bb]<div class=\"nectar-fancy-ul font_size_min_14px font_size_max_20px font_size_desktop_1-1vw font_line_height_1-6\" data-list-icon=\"dot\" data-animation=\"false\" data-animation-delay=\"0\" data-spacing=\"5px\" data-alignment=\"left\"> S\u00ed, puedes modificar o cancelar tu reserva. Para conocer los detalles de nuestra pol\u00edtica de cancelaci\u00f3n y modificaciones, visita la secci\u00f3n \u00abPol\u00edticas de Alquiler\u00bb en nuestro sitio web o contacta a nuestro servicio al cliente.<\/p>\n <\/div>[\/toggle][toggle color=\u00bbDefault\u00bb heading_tag=\u00bbdefault\u00bb heading_tag_functionality=\u00bbdefault\u00bb header_tag=\u00bbh3&#8243; header_tag_functionality=\u00bbdefault\u00bb title=\u00bbQu\u00e9 opciones de pago est\u00e1n disponibles?\u00bb][nectar_responsive_text font_size_min=\u00bb14px\u00bb font_size_max=\u00bb20px\u00bb font_size_desktop=\u00bb1.1vw\u00bb font_line_height=\u00bb1.6&#8243; text_direction=\u00bbdefault\u00bb]Aceptamos las principales tarjetas de cr\u00e9dito y d\u00e9bito para el pago del alquiler. Puedes pagar en l\u00ednea durante el proceso de reserva o al momento de recoger el veh\u00edculo.[\/nectar_responsive_text][\/toggle][toggle color=\u00bbDefault\u00bb heading_tag=\u00bbdefault\u00bb heading_tag_functionality=\u00bbdefault\u00bb header_tag=\u00bbh3&#8243; header_tag_functionality=\u00bbdefault\u00bb title=\u00bbQu\u00e9 debo hacer en caso de emergencia o aver\u00eda durante el alquiler?\u00bb][nectar_responsive_text font_size_min=\u00bb14px\u00bb font_size_max=\u00bb20px\u00bb font_size_desktop=\u00bb1.1vw\u00bb font_line_height=\u00bb1.6&#8243; text_direction=\u00bbdefault\u00bb]\n<div class=\"flex flex-grow flex-col max-w-full\">\n<div class=\"min-h-[20px] text-message flex flex-col items-start whitespace-pre-wrap break-words [.text-message+&amp;]:mt-5 juice:w-full juice:items-end overflow-x-auto gap-2\" dir=\"auto\" data-message-author-role=\"assistant\" data-message-id=\"60aabf20-a7a2-47d0-a867-cc293e69fe08\">\n<div class=\"flex w-full flex-col gap-1 juice:empty:hidden juice:first:pt-[3px]\">\n<div class=\"markdown prose w-full break-words dark:prose-invert light\">\n<p>En caso de emergencia o aver\u00eda durante el alquiler, contacta inmediatamente a nuestro servicio al cliente al n\u00famero de emergencia proporcionado en el contrato de alquiler. Nuestro equipo est\u00e1 disponible las 24 horas del d\u00eda, los 7 d\u00edas de la semana para ofrecer asistencia y apoyo.<\/p>\n<\/div>\n<\/div>\n<\/div>\n<\/div>\n<div class=\"mt-1 flex gap-3 empty:hidden juice:-ml-3\">\n<div class=\"items-center justify-start rounded-xl p-1 flex\">\n<div class=\"flex items-center\">\n<div class=\"flex items-center pb-0.5 juice:pb-0\">\n<div class=\"[&amp;_svg]:h-full [&amp;_svg]:w-full icon-md h-4 w-4\"><\/div>\n<\/div>\n<\/div>\n<\/div>\n<\/div>\n[\/nectar_responsive_text][\/toggle][\/toggles][\/vc_column][\/vc_row]\n","protected":false},"excerpt":{"rendered":"<p>[vc_row type=\u00bbfull_width_content\u00bb full_screen_row_position=\u00bbmiddle\u00bb column_margin=\u00bbdefault\u00bb equal_height=\u00bbyes\u00bb content_placement=\u00bbmiddle\u00bb column_direction=\u00bbdefault\u00bb column_direction_tablet=\u00bbdefault\u00bb column_direction_phone=\u00bbdefault\u00bb bg_color=\u00bb#000000&#8243; scene_position=\u00bbcenter\u00bb top_padding=\u00bb12%\u00bb bottom_padding=\u00bb12%\u00bb left_padding_desktop=\u00bb25%\u00bb constrain_group_2=\u00bbyes\u00bb right_padding_desktop=\u00bb25%\u00bb left_padding_tablet=\u00bb20%\u00bb constrain_group_4=\u00bbyes\u00bb right_padding_tablet=\u00bb20%\u00bb left_padding_phone=\u00bb24px\u00bb constrain_group_6=\u00bbyes\u00bb right_padding_phone=\u00bb24px\u00bb text_color=\u00bbdark\u00bb text_align=\u00bbleft\u00bb row_border_radius=\u00bbnone\u00bb row_border_radius_applies=\u00bbbg\u00bb zindex=\u00bb10&#8243; overflow=\u00bbvisible\u00bb advanced_gradient_angle=\u00bb0&#8243; overlay_strength=\u00bb0.8&#8243;&#8230;<\/p>\n","protected":false},"author":4,"featured_media":0,"parent":0,"menu_order":0,"comment_status":"closed","ping_status":"closed","template":"","meta":{"footnotes":""},"class_list":["post-18838","page","type-page","status-publish"],"yoast_head":"<!-- This site is optimized with the Yoast SEO plugin v27.4 - https:\/\/yoast.com\/product\/yoast-seo-wordpress\/ -->\n<title>F.A.Q. - Grizzly Car tenerife<\/title>\n<meta name=\"robots\" content=\"index, follow, max-snippet:-1, max-image-preview:large, max-video-preview:-1\" \/>\n<link rel=\"canonical\" href=\"https:\/\/grizzlycartenerife.com\/es\/f-a-q\/\" \/>\n<meta property=\"og:locale\" content=\"es_ES\" \/>\n<meta property=\"og:type\" content=\"article\" \/>\n<meta property=\"og:title\" content=\"F.A.Q. - Grizzly Car tenerife\" \/>\n<meta property=\"og:description\" content=\"[vc_row type=\u00bbfull_width_content\u00bb full_screen_row_position=\u00bbmiddle\u00bb column_margin=\u00bbdefault\u00bb equal_height=\u00bbyes\u00bb content_placement=\u00bbmiddle\u00bb column_direction=\u00bbdefault\u00bb column_direction_tablet=\u00bbdefault\u00bb column_direction_phone=\u00bbdefault\u00bb bg_color=\u00bb#000000&#8243; scene_position=\u00bbcenter\u00bb top_padding=\u00bb12%\u00bb bottom_padding=\u00bb12%\u00bb left_padding_desktop=\u00bb25%\u00bb constrain_group_2=\u00bbyes\u00bb right_padding_desktop=\u00bb25%\u00bb left_padding_tablet=\u00bb20%\u00bb constrain_group_4=\u00bbyes\u00bb right_padding_tablet=\u00bb20%\u00bb left_padding_phone=\u00bb24px\u00bb constrain_group_6=\u00bbyes\u00bb right_padding_phone=\u00bb24px\u00bb text_color=\u00bbdark\u00bb text_align=\u00bbleft\u00bb row_border_radius=\u00bbnone\u00bb row_border_radius_applies=\u00bbbg\u00bb zindex=\u00bb10&#8243; overflow=\u00bbvisible\u00bb advanced_gradient_angle=\u00bb0&#8243; overlay_strength=\u00bb0.8&#8243;...\" \/>\n<meta property=\"og:url\" content=\"https:\/\/grizzlycartenerife.com\/es\/f-a-q\/\" \/>\n<meta property=\"og:site_name\" content=\"Grizzly Car tenerife\" \/>\n<meta property=\"article:modified_time\" content=\"2024-07-10T12:10:42+00:00\" \/>\n<meta name=\"twitter:card\" content=\"summary_large_image\" \/>\n<meta name=\"twitter:label1\" content=\"Tiempo de lectura\" \/>\n\t<meta name=\"twitter:data1\" content=\"2 minutos\" \/>\n<script type=\"application\/ld+json\" class=\"yoast-schema-graph\">{\"@context\":\"https:\\\/\\\/schema.org\",\"@graph\":[{\"@type\":\"WebPage\",\"@id\":\"https:\\\/\\\/grizzlycartenerife.com\\\/es\\\/f-a-q\\\/\",\"url\":\"https:\\\/\\\/grizzlycartenerife.com\\\/es\\\/f-a-q\\\/\",\"name\":\"F.A.Q. - Grizzly Car tenerife\",\"isPartOf\":{\"@id\":\"https:\\\/\\\/grizzlycarteneri-huuxghol6v.live-website.com\\\/#website\"},\"datePublished\":\"2024-07-10T12:07:51+00:00\",\"dateModified\":\"2024-07-10T12:10:42+00:00\",\"breadcrumb\":{\"@id\":\"https:\\\/\\\/grizzlycartenerife.com\\\/es\\\/f-a-q\\\/#breadcrumb\"},\"inLanguage\":\"es\",\"potentialAction\":[{\"@type\":\"ReadAction\",\"target\":[\"https:\\\/\\\/grizzlycartenerife.com\\\/es\\\/f-a-q\\\/\"]}]},{\"@type\":\"BreadcrumbList\",\"@id\":\"https:\\\/\\\/grizzlycartenerife.com\\\/es\\\/f-a-q\\\/#breadcrumb\",\"itemListElement\":[{\"@type\":\"ListItem\",\"position\":1,\"name\":\"Home\",\"item\":\"https:\\\/\\\/grizzlycartenerife.com\\\/es\\\/\"},{\"@type\":\"ListItem\",\"position\":2,\"name\":\"F.A.Q.\"}]},{\"@type\":\"WebSite\",\"@id\":\"https:\\\/\\\/grizzlycarteneri-huuxghol6v.live-website.com\\\/#website\",\"url\":\"https:\\\/\\\/grizzlycarteneri-huuxghol6v.live-website.com\\\/\",\"name\":\"Grizzly Car tenerife\",\"description\":\"Rent car in Tenerife\",\"potentialAction\":[{\"@type\":\"SearchAction\",\"target\":{\"@type\":\"EntryPoint\",\"urlTemplate\":\"https:\\\/\\\/grizzlycarteneri-huuxghol6v.live-website.com\\\/?s={search_term_string}\"},\"query-input\":{\"@type\":\"PropertyValueSpecification\",\"valueRequired\":true,\"valueName\":\"search_term_string\"}}],\"inLanguage\":\"es\"}]}<\/script>\n<!-- \/ Yoast SEO plugin. -->","yoast_head_json":{"title":"F.A.Q. - Grizzly Car tenerife","robots":{"index":"index","follow":"follow","max-snippet":"max-snippet:-1","max-image-preview":"max-image-preview:large","max-video-preview":"max-video-preview:-1"},"canonical":"https:\/\/grizzlycartenerife.com\/es\/f-a-q\/","og_locale":"es_ES","og_type":"article","og_title":"F.A.Q. - Grizzly Car tenerife","og_description":"[vc_row type=\u00bbfull_width_content\u00bb full_screen_row_position=\u00bbmiddle\u00bb column_margin=\u00bbdefault\u00bb equal_height=\u00bbyes\u00bb content_placement=\u00bbmiddle\u00bb column_direction=\u00bbdefault\u00bb column_direction_tablet=\u00bbdefault\u00bb column_direction_phone=\u00bbdefault\u00bb bg_color=\u00bb#000000&#8243; scene_position=\u00bbcenter\u00bb top_padding=\u00bb12%\u00bb bottom_padding=\u00bb12%\u00bb left_padding_desktop=\u00bb25%\u00bb constrain_group_2=\u00bbyes\u00bb right_padding_desktop=\u00bb25%\u00bb left_padding_tablet=\u00bb20%\u00bb constrain_group_4=\u00bbyes\u00bb right_padding_tablet=\u00bb20%\u00bb left_padding_phone=\u00bb24px\u00bb constrain_group_6=\u00bbyes\u00bb right_padding_phone=\u00bb24px\u00bb text_color=\u00bbdark\u00bb text_align=\u00bbleft\u00bb row_border_radius=\u00bbnone\u00bb row_border_radius_applies=\u00bbbg\u00bb zindex=\u00bb10&#8243; overflow=\u00bbvisible\u00bb advanced_gradient_angle=\u00bb0&#8243; overlay_strength=\u00bb0.8&#8243;...","og_url":"https:\/\/grizzlycartenerife.com\/es\/f-a-q\/","og_site_name":"Grizzly Car tenerife","article_modified_time":"2024-07-10T12:10:42+00:00","twitter_card":"summary_large_image","twitter_misc":{"Tiempo de lectura":"2 minutos"},"schema":{"@context":"https:\/\/schema.org","@graph":[{"@type":"WebPage","@id":"https:\/\/grizzlycartenerife.com\/es\/f-a-q\/","url":"https:\/\/grizzlycartenerife.com\/es\/f-a-q\/","name":"F.A.Q. - Grizzly Car tenerife","isPartOf":{"@id":"https:\/\/grizzlycarteneri-huuxghol6v.live-website.com\/#website"},"datePublished":"2024-07-10T12:07:51+00:00","dateModified":"2024-07-10T12:10:42+00:00","breadcrumb":{"@id":"https:\/\/grizzlycartenerife.com\/es\/f-a-q\/#breadcrumb"},"inLanguage":"es","potentialAction":[{"@type":"ReadAction","target":["https:\/\/grizzlycartenerife.com\/es\/f-a-q\/"]}]},{"@type":"BreadcrumbList","@id":"https:\/\/grizzlycartenerife.com\/es\/f-a-q\/#breadcrumb","itemListElement":[{"@type":"ListItem","position":1,"name":"Home","item":"https:\/\/grizzlycartenerife.com\/es\/"},{"@type":"ListItem","position":2,"name":"F.A.Q."}]},{"@type":"WebSite","@id":"https:\/\/grizzlycarteneri-huuxghol6v.live-website.com\/#website","url":"https:\/\/grizzlycarteneri-huuxghol6v.live-website.com\/","name":"Grizzly Car tenerife","description":"Rent car in Tenerife","potentialAction":[{"@type":"SearchAction","target":{"@type":"EntryPoint","urlTemplate":"https:\/\/grizzlycarteneri-huuxghol6v.live-website.com\/?s={search_term_string}"},"query-input":{"@type":"PropertyValueSpecification","valueRequired":true,"valueName":"search_term_string"}}],"inLanguage":"es"}]}},"_links":{"self":[{"href":"https:\/\/grizzlycartenerife.com\/es\/wp-json\/wp\/v2\/pages\/18838","targetHints":{"allow":["GET"]}}],"collection":[{"href":"https:\/\/grizzlycartenerife.com\/es\/wp-json\/wp\/v2\/pages"}],"about":[{"href":"https:\/\/grizzlycartenerife.com\/es\/wp-json\/wp\/v2\/types\/page"}],"author":[{"embeddable":true,"href":"https:\/\/grizzlycartenerife.com\/es\/wp-json\/wp\/v2\/users\/4"}],"replies":[{"embeddable":true,"href":"https:\/\/grizzlycartenerife.com\/es\/wp-json\/wp\/v2\/comments?post=18838"}],"version-history":[{"count":5,"href":"https:\/\/grizzlycartenerife.com\/es\/wp-json\/wp\/v2\/pages\/18838\/revisions"}],"predecessor-version":[{"id":18843,"href":"https:\/\/grizzlycartenerife.com\/es\/wp-json\/wp\/v2\/pages\/18838\/revisions\/18843"}],"wp:attachment":[{"href":"https:\/\/grizzlycartenerife.com\/es\/wp-json\/wp\/v2\/media?parent=18838"}],"curies":[{"name":"wp","href":"https:\/\/api.w.org\/{rel}","templated":true}]}}